{"id":987489608,"date":"2025-11-12T10:31:32","date_gmt":"2025-11-12T10:31:32","guid":{"rendered":"https:\/\/anaveterinaria.es\/cirugia-veterinaria\/"},"modified":"2025-11-24T23:08:35","modified_gmt":"2025-11-24T23:08:35","slug":"cirugia-veterinaria","status":"publish","type":"page","link":"https:\/\/anaveterinaria.es\/en\/cirugia-veterinaria\/","title":{"rendered":"Cirug\u00eda Veterinaria en Co\u00edn | Quir\u00f3fano Equipado Valle del Guadalhorce"},"content":{"rendered":"<p>[et_pb_section fb_built=\u00bb1&#8243; _builder_version=\u00bb4.27.4&#8243; _module_preset=\u00bbdefault\u00bb custom_padding=\u00bb10px||2px|||\u00bb global_colors_info=\u00bb{}\u00bb][et_pb_row _builder_version=\u00bb4.27.4&#8243; _module_preset=\u00bbdefault\u00bb custom_padding=\u00bb||34px|||\u00bb global_colors_info=\u00bb{}\u00bb][et_pb_column type=\u00bb4_4&#8243; _builder_version=\u00bb4.27.4&#8243; _module_preset=\u00bbdefault\u00bb global_colors_info=\u00bb{}\u00bb][et_pb_blurb title=\u00bbCIRUGIA VETERINARIA\u00bb use_icon=\u00bbon\u00bb font_icon=\u00bb&#xf1b0;||fa||900&#8243; icon_placement=\u00bbleft\u00bb image_icon_width=\u00bb20px\u00bb content_max_width=\u00bb100%\u00bb module_class=\u00bbsub-title\u00bb _builder_version=\u00bb4.27.4&#8243; _module_preset=\u00bbdefault\u00bb header_font=\u00bbPaytone One|||on|||||\u00bb header_font_size=\u00bb16px\u00bb header_line_height=\u00bb20px\u00bb custom_margin=\u00bb||15px||false|false\u00bb custom_padding=\u00bb7px|15px|7px|15px|true|true\u00bb animation=\u00bboff\u00bb custom_css_main_element=\u00bbwidth: fit-content;||margin: 0 auto;\u00bb custom_css_blurb_title=\u00bbpadding-bottom: 0px;\u00bb border_radii=\u00bbon|5px|5px|5px|5px\u00bb box_shadow_style=\u00bbpreset2&#8243; box_shadow_spread=\u00bb-5px\u00bb global_colors_info=\u00bb{}\u00bb][\/et_pb_blurb][et_pb_text module_class=\u00bbtitle\u00bb _builder_version=\u00bb4.27.4&#8243; _module_preset=\u00bbdefault\u00bb header_2_font=\u00bbPaytone One||||||||\u00bb header_2_text_align=\u00bbcenter\u00bb header_2_font_size=\u00bb50px\u00bb header_2_line_height=\u00bb60px\u00bb custom_margin=\u00bb||0px||false|false\u00bb header_2_font_size_tablet=\u00bb40px\u00bb header_2_font_size_phone=\u00bb35px\u00bb header_2_font_size_last_edited=\u00bbon|tablet\u00bb header_2_line_height_tablet=\u00bb50px\u00bb header_2_line_height_phone=\u00bb45px\u00bb header_2_line_height_last_edited=\u00bbon|phone\u00bb global_colors_info=\u00bb{}\u00bb]<\/p>\n<h2>Cirug\u00eda Veterinaria en Co\u00edn:<\/h2>\n<h2>Experiencia y tecnolog\u00eda a tu servicio.<\/h2>\n<p>[\/et_pb_text][et_pb_text quote_border_color=\u00bb#57cc99&#8243; _builder_version=\u00bb4.27.4&#8243; _module_preset=\u00bb2c55a9c4-feed-423b-9edb-ae0b5b365cac\u00bb text_font=\u00bbPoppins|Poppins_weight|||||||\u00bb text_text_color=\u00bb#3c3a47&#8243; text_font_size=\u00bb16px\u00bb text_line_height=\u00bb1.75em\u00bb link_font=\u00bb|Poppins_weight|||||||\u00bb link_text_color=\u00bb#22577a\u00bb quote_font=\u00bbAbril Fatface|Abril Fatface_weight|||||||\u00bb quote_text_color=\u00bb#0e0c19&#8243; header_font=\u00bbAbril Fatface|Abril Fatface_weight|||||||\u00bb header_text_color=\u00bb#0e0c19&#8243; header_font_size=\u00bb72px\u00bb header_line_height=\u00bb1.15em\u00bb header_2_font=\u00bbAbril Fatface|Abril Fatface_weight|||||||\u00bb header_2_text_color=\u00bb#0e0c19&#8243; header_2_font_size=\u00bb50px\u00bb header_2_line_height=\u00bb1.2em\u00bb header_3_font=\u00bbAbril Fatface|Abril Fatface_weight|||||||\u00bb header_3_text_color=\u00bb#0e0c19&#8243; header_3_font_size=\u00bb32px\u00bb header_3_line_height=\u00bb1.3em\u00bb header_4_font=\u00bbAbril Fatface|Abril Fatface_weight|||||||\u00bb header_4_text_color=\u00bb#0e0c19&#8243; header_4_font_size=\u00bb24px\u00bb header_4_line_height=\u00bb1.4em\u00bb header_5_font=\u00bbAbril Fatface|Abril Fatface_weight|||||||\u00bb header_5_text_color=\u00bb#0e0c19&#8243; header_5_font_size=\u00bb18px\u00bb header_5_line_height=\u00bb1.4em\u00bb header_6_font=\u00bbAbril Fatface|Abril Fatface_weight|||||||\u00bb header_6_text_color=\u00bb#0e0c19&#8243; header_6_line_height=\u00bb1.5em\u00bb custom_margin=\u00bb||11px||false|false\u00bb text_font_size_tablet=\u00bb15px\u00bb text_font_size_phone=\u00bb14px\u00bb text_font_size_last_edited=\u00bbon|phone\u00bb header_font_size_tablet=\u00bb40px\u00bb header_font_size_phone=\u00bb24px\u00bb header_font_size_last_edited=\u00bbon|desktop\u00bb header_2_font_size_tablet=\u00bb28px\u00bb header_2_font_size_phone=\u00bb20px\u00bb header_2_font_size_last_edited=\u00bbon|phone\u00bb header_3_font_size_tablet=\u00bb22px\u00bb header_3_font_size_phone=\u00bb17px\u00bb header_3_font_size_last_edited=\u00bbon|phone\u00bb header_4_font_size_tablet=\u00bb18px\u00bb header_4_font_size_phone=\u00bb15px\u00bb header_4_font_size_last_edited=\u00bbon|tablet\u00bb header_5_font_size_tablet=\u00bb15px\u00bb header_5_font_size_phone=\u00bb14px\u00bb header_5_font_size_last_edited=\u00bbon|desktop\u00bb header_6_font_size_tablet=\u00bb13px\u00bb header_6_font_size_phone=\u00bb13px\u00bb header_6_font_size_last_edited=\u00bbon|desktop\u00bb locked=\u00bboff\u00bb global_colors_info=\u00bb{}\u00bb]<\/p>\n<p style=\"text-align: justify;\">En <strong data-start=\"312\" data-end=\"331\">Ana Veterinaria<\/strong> sabemos que confiar a alguien la salud quir\u00fargica de tu mascota no es f\u00e1cil. Por eso, llevamos m\u00e1s de 20 a\u00f1os realizando intervenciones con la m\u00e1xima profesionalidad, cari\u00f1o y seguridad en nuestra cl\u00ednica de <strong data-start=\"540\" data-end=\"548\">Co\u00edn<\/strong>, al servicio de familias de todo el <strong data-start=\"585\" data-end=\"610\">Valle del Guadalhorce<\/strong>: Alhaur\u00edn el Grande, Monda, Guaro, Tolox, Alozaina, C\u00e1rtama, Pizarra&#8230;<\/p>\n<p>[\/et_pb_text][\/et_pb_column][\/et_pb_row][\/et_pb_section][et_pb_section fb_built=\u00bb1&#8243; admin_label=\u00bbHero\u00bb _builder_version=\u00bb4.27.4&#8243; _module_preset=\u00bb74c69059-8e69-4122-b1e6-dfeabf6c5711&#8243; background_enable_image=\u00bboff\u00bb custom_padding=\u00bb0px||0px||true|false\u00bb locked=\u00bboff\u00bb collapsed=\u00bbon\u00bb global_colors_info=\u00bb{}\u00bb][et_pb_row column_structure=\u00bb1_2,1_2&#8243; _builder_version=\u00bb4.27.4&#8243; _module_preset=\u00bbdefault\u00bb global_colors_info=\u00bb{}\u00bb custom_padding=\u00bb||0px|||\u00bb][et_pb_column type=\u00bb1_2&#8243; _builder_version=\u00bb4.27.4&#8243; _module_preset=\u00bbdefault\u00bb global_colors_info=\u00bb{}\u00bb][et_pb_text _builder_version=\u00bb4.27.4&#8243; _module_preset=\u00bbdefault\u00bb hover_enabled=\u00bb0&#8243; sticky_enabled=\u00bb0&#8243;]<\/p>\n<p data-start=\"684\" data-end=\"956\" style=\"text-align: justify;\">Contamos con un <strong data-start=\"700\" data-end=\"721\">quir\u00f3fano moderno<\/strong>, equipado con tecnolog\u00eda de \u00faltima generaci\u00f3n y sistemas de anestesia inhalatoria segura.\u00a0<\/p>\n<p data-start=\"992\" data-end=\"1293\" style=\"text-align: justify;\">Nuestro equipo realiza una amplia variedad de <strong data-start=\"1038\" data-end=\"1086\">intervenciones quir\u00fargicas en perros y gatos<\/strong>, con especial atenci\u00f3n a las <strong data-start=\"1116\" data-end=\"1147\">cirug\u00edas de tejidos blandos<\/strong>.\u00a0<\/p>\n<p data-start=\"1295\" data-end=\"1311\" style=\"text-align: justify;\">Llevamos a cabo:<\/p>\n<ul data-start=\"1313\" data-end=\"2170\">\n<li data-start=\"1313\" data-end=\"1419\" style=\"text-align: justify;\">\n<p data-start=\"1315\" data-end=\"1419\"><strong data-start=\"1315\" data-end=\"1350\">Esterilizaciones y castraciones<\/strong> con t\u00e9cnicas poco invasivas, seguras y con un postoperatorio c\u00f3modo.<\/p>\n<\/li>\n<li data-start=\"1420\" data-end=\"1527\" style=\"text-align: justify;\">\n<p data-start=\"1422\" data-end=\"1527\"><strong data-start=\"1422\" data-end=\"1456\">Extracci\u00f3n de cuerpos extra\u00f1os<\/strong>, piometras, ces\u00e1reas, cirug\u00edas de bazo, h\u00edgado o ves\u00edcula.<\/p>\n<\/li>\n<li data-start=\"1528\" data-end=\"1651\" style=\"text-align: justify;\">\n<p data-start=\"1530\" data-end=\"1651\"><strong data-start=\"1530\" data-end=\"1556\">Extirpaci\u00f3n de tumores<\/strong> cut\u00e1neos, mamarios y subcut\u00e1neos, con m\u00e1rgenes quir\u00fargicos adecuados y seguimiento oncol\u00f3gico.<\/p>\n<\/li>\n<li data-start=\"1652\" data-end=\"1772\" style=\"text-align: justify;\">\n<p data-start=\"1654\" data-end=\"1772\"><strong data-start=\"1654\" data-end=\"1677\">Cirug\u00edas urol\u00f3gicas<\/strong>, como cistotom\u00edas o uretrostom\u00edas, en animales con c\u00e1lculos o problemas urinarios recurrentes.<\/p>\n<\/li>\n<li data-start=\"1773\" data-end=\"1889\" style=\"text-align: justify;\">\n<p data-start=\"1775\" data-end=\"1889\"><strong data-start=\"1775\" data-end=\"1798\">Cirug\u00edas de hernias<\/strong> (umbilicales, inguinales, perineales, diafragm\u00e1ticas), tanto en cachorros como en adultos.<\/p>\n<\/li>\n<li data-start=\"2028\" data-end=\"2170\">\n<p data-start=\"2030\" data-end=\"2170\" style=\"text-align: justify;\"><strong data-start=\"2030\" data-end=\"2058\">Cirug\u00edas traumatol\u00f3gicas<\/strong>, incluyendo fracturas, luxaciones, rotura de ligamentos cruzados y amputaciones necesarias por lesiones graves.<\/p>\n<\/li>\n<\/ul>\n<p>[\/et_pb_text][\/et_pb_column][et_pb_column type=\u00bb1_2&#8243; _builder_version=\u00bb4.27.4&#8243; _module_preset=\u00bbdefault\u00bb global_colors_info=\u00bb{}\u00bb][et_pb_image src=\u00bbhttps:\/\/anaveterinaria.es\/wp-content\/uploads\/2025\/11\/N8A2719-scaled.jpg\u00bb _builder_version=\u00bb4.27.4&#8243; _module_preset=\u00bbdefault\u00bb title_text=\u00bb_N8A2719&#8243; border_radii=\u00bbon|12px|12px|12px|12px\u00bb box_shadow_style=\u00bbpreset3&#8243; hover_enabled=\u00bb0&#8243; sticky_enabled=\u00bb0&#8243;][\/et_pb_image][\/et_pb_column][\/et_pb_row][et_pb_row column_structure=\u00bb1_2,1_2&#8243; _builder_version=\u00bb4.27.4&#8243; _module_preset=\u00bbdefault\u00bb global_colors_info=\u00bb{}\u00bb][et_pb_column type=\u00bb1_2&#8243; _builder_version=\u00bb4.27.4&#8243; _module_preset=\u00bbdefault\u00bb global_colors_info=\u00bb{}\u00bb][et_pb_image src=\u00bbhttps:\/\/anaveterinaria.es\/wp-content\/uploads\/2025\/11\/clinica-veterinaria-pierna-de-perro-de-cirugia-dr-soldador-cauteriza-la-herida-en-la-pierna.jpg\u00bb title_text=\u00bbVeterinary clinic. Surgery dog&#8217;s leg. Dr. soldering iron cauteri\u00bb _builder_version=\u00bb4.27.4&#8243; _module_preset=\u00bbdefault\u00bb border_radii=\u00bbon|12px|12px|12px|12px\u00bb box_shadow_style=\u00bbpreset3&#8243; global_colors_info=\u00bb{}\u00bb][\/et_pb_image][\/et_pb_column][et_pb_column type=\u00bb1_2&#8243; _builder_version=\u00bb4.27.4&#8243; _module_preset=\u00bbdefault\u00bb global_colors_info=\u00bb{}\u00bb][et_pb_text _builder_version=\u00bb4.27.4&#8243; _module_preset=\u00bbdefault\u00bb global_colors_info=\u00bb{}\u00bb]<\/p>\n<p data-start=\"2233\" data-end=\"2489\" style=\"text-align: justify;\">Antes de cada cirug\u00eda, realizamos una <strong data-start=\"2271\" data-end=\"2313\">valoraci\u00f3n prequir\u00fargica personalizada<\/strong>: exploraci\u00f3n f\u00edsica, anal\u00edtica sangu\u00ednea, radiograf\u00edas y, si es necesario, ecocardiograf\u00eda. Esto nos permite adaptar la anestesia a cada paciente y minimizar cualquier riesgo.<\/p>\n<p data-start=\"2491\" data-end=\"2743\" style=\"text-align: justify;\">Durante la intervenci\u00f3n usamos <strong data-start=\"2522\" data-end=\"2562\">anestesia inhalatoria con isoflurano<\/strong>, monitorizaci\u00f3n multiparam\u00e9trica (ritmo card\u00edaco, respiraci\u00f3n, ox\u00edgeno, presi\u00f3n, temperatura, capnograf\u00eda), <strong data-start=\"2671\" data-end=\"2700\">fluidoterapia intravenosa<\/strong> y mantas t\u00e9rmicas para evitar hipotermias.<\/p>\n<p data-start=\"2745\" data-end=\"2871\" style=\"text-align: justify;\">Tras la cirug\u00eda, el animal permanece en nuestra sala de recuperaci\u00f3n bajo supervisi\u00f3n constante hasta su total estabilizaci\u00f3n.<\/p>\n<p data-start=\"2930\" data-end=\"3208\" style=\"text-align: justify;\">El <strong data-start=\"2933\" data-end=\"2954\">control del dolor<\/strong> es una prioridad. Aplicamos protocolos de <strong data-start=\"2997\" data-end=\"3021\">analgesia multimodal<\/strong>, combinando diferentes tipos de analg\u00e9sicos antes, durante y despu\u00e9s de la intervenci\u00f3n. Adem\u00e1s, entregamos medicaci\u00f3n domiciliaria y damos indicaciones claras para los cuidados en casa.<\/p>\n<p>[\/et_pb_text][\/et_pb_column][\/et_pb_row][et_pb_row _builder_version=\u00bb4.27.4&#8243; _module_preset=\u00bbdefault\u00bb custom_padding=\u00bb0px|||||\u00bb global_colors_info=\u00bb{}\u00bb][et_pb_column type=\u00bb4_4&#8243; _builder_version=\u00bb4.27.4&#8243; _module_preset=\u00bbdefault\u00bb global_colors_info=\u00bb{}\u00bb][et_pb_text _builder_version=\u00bb4.27.4&#8243; _module_preset=\u00bbdefault\u00bb global_colors_info=\u00bb{}\u00bb]<\/p>\n<p data-start=\"3210\" data-end=\"3382\" style=\"text-align: justify;\">Incluimos <strong data-start=\"3220\" data-end=\"3250\">revisiones postoperatorias<\/strong>, curas, retirada de puntos si es necesario y atenci\u00f3n telef\u00f3nica para resolver cualquier duda o incidencia durante la recuperaci\u00f3n.<\/p>\n<p data-start=\"3424\" data-end=\"3682\" style=\"text-align: justify;\">Nuestro equipo quir\u00fargico combina formaci\u00f3n continua, a\u00f1os de experiencia y sensibilidad. Cada animal que entra en nuestro quir\u00f3fano es tratado con el m\u00e1ximo respeto y dedicaci\u00f3n. Y cada cirug\u00eda se planifica con rigor, como si fuera para uno de los nuestros.<\/p>\n<p>&nbsp;<\/p>\n<p>[\/et_pb_text][\/et_pb_column][\/et_pb_row][\/et_pb_section]<\/p>\n","protected":false},"excerpt":{"rendered":"<p>Cirug\u00eda Veterinaria en Co\u00edn: Experiencia y tecnolog\u00eda a tu servicio.En Ana Veterinaria sabemos que confiar a alguien la salud quir\u00fargica de tu mascota no es f\u00e1cil. Por eso, llevamos m\u00e1s de 20 a\u00f1os realizando intervenciones con la m\u00e1xima profesionalidad, cari\u00f1o y seguridad en nuestra cl\u00ednica de Co\u00edn, al servicio de familias de todo el Valle [&hellip;]<\/p>\n","protected":false},"author":1,"featured_media":0,"parent":0,"menu_order":0,"comment_status":"closed","ping_status":"closed","template":"","meta":{"_et_pb_use_builder":"on","_et_pb_old_content":"","_et_gb_content_width":"","footnotes":""},"class_list":["post-987489608","page","type-page","status-publish","hentry"],"_links":{"self":[{"href":"https:\/\/anaveterinaria.es\/en\/wp-json\/wp\/v2\/pages\/987489608","targetHints":{"allow":["GET"]}}],"collection":[{"href":"https:\/\/anaveterinaria.es\/en\/wp-json\/wp\/v2\/pages"}],"about":[{"href":"https:\/\/anaveterinaria.es\/en\/wp-json\/wp\/v2\/types\/page"}],"author":[{"embeddable":true,"href":"https:\/\/anaveterinaria.es\/en\/wp-json\/wp\/v2\/users\/1"}],"replies":[{"embeddable":true,"href":"https:\/\/anaveterinaria.es\/en\/wp-json\/wp\/v2\/comments?post=987489608"}],"version-history":[{"count":12,"href":"https:\/\/anaveterinaria.es\/en\/wp-json\/wp\/v2\/pages\/987489608\/revisions"}],"predecessor-version":[{"id":987489911,"href":"https:\/\/anaveterinaria.es\/en\/wp-json\/wp\/v2\/pages\/987489608\/revisions\/987489911"}],"wp:attachment":[{"href":"https:\/\/anaveterinaria.es\/en\/wp-json\/wp\/v2\/media?parent=987489608"}],"curies":[{"name":"wp","href":"https:\/\/api.w.org\/{rel}","templated":true}]}}