{"id":987489607,"date":"2025-11-12T10:31:32","date_gmt":"2025-11-12T10:31:32","guid":{"rendered":"https:\/\/anaveterinaria.es\/diagnostico-por-imagen\/"},"modified":"2025-11-24T23:11:34","modified_gmt":"2025-11-24T23:11:34","slug":"diagnostico-por-imagen","status":"publish","type":"page","link":"https:\/\/anaveterinaria.es\/en\/diagnostico-por-imagen\/","title":{"rendered":"Ecograf\u00eda y Radiograf\u00eda Veterinaria en Co\u00edn | Diagn\u00f3stico por Imagen"},"content":{"rendered":"<p>[et_pb_section fb_built=\u00bb1&#8243; _builder_version=\u00bb4.27.4&#8243; _module_preset=\u00bbdefault\u00bb custom_padding=\u00bb||3px|||\u00bb global_colors_info=\u00bb{}\u00bb][et_pb_row _builder_version=\u00bb4.27.4&#8243; _module_preset=\u00bbdefault\u00bb custom_padding=\u00bb||0px|||\u00bb global_colors_info=\u00bb{}\u00bb][et_pb_column type=\u00bb4_4&#8243; _builder_version=\u00bb4.27.4&#8243; _module_preset=\u00bbdefault\u00bb global_colors_info=\u00bb{}\u00bb][et_pb_blurb title=\u00bbDIAGNOSTICO POR IMAGEN\u00bb use_icon=\u00bbon\u00bb font_icon=\u00bb&#xf1b0;||fa||900&#8243; icon_placement=\u00bbleft\u00bb image_icon_width=\u00bb20px\u00bb content_max_width=\u00bb100%\u00bb module_class=\u00bbsub-title\u00bb _builder_version=\u00bb4.27.4&#8243; _module_preset=\u00bbdefault\u00bb header_font=\u00bbPaytone One|||on|||||\u00bb header_font_size=\u00bb16px\u00bb header_line_height=\u00bb20px\u00bb custom_margin=\u00bb||15px||false|false\u00bb custom_padding=\u00bb7px|15px|7px|15px|true|true\u00bb animation=\u00bboff\u00bb custom_css_main_element=\u00bbwidth: fit-content;||margin: 0 auto;\u00bb custom_css_blurb_title=\u00bbpadding-bottom: 0px;\u00bb border_radii=\u00bbon|5px|5px|5px|5px\u00bb box_shadow_style=\u00bbpreset2&#8243; box_shadow_spread=\u00bb-5px\u00bb global_colors_info=\u00bb{}\u00bb][\/et_pb_blurb][et_pb_text module_class=\u00bbtitle\u00bb _builder_version=\u00bb4.27.4&#8243; _module_preset=\u00bbdefault\u00bb header_2_font=\u00bbPaytone One||||||||\u00bb header_2_text_align=\u00bbcenter\u00bb header_2_font_size=\u00bb50px\u00bb header_2_line_height=\u00bb60px\u00bb custom_margin=\u00bb||0px||false|false\u00bb header_2_font_size_tablet=\u00bb40px\u00bb header_2_font_size_phone=\u00bb35px\u00bb header_2_font_size_last_edited=\u00bbon|tablet\u00bb header_2_line_height_tablet=\u00bb50px\u00bb header_2_line_height_phone=\u00bb45px\u00bb header_2_line_height_last_edited=\u00bbon|phone\u00bb global_colors_info=\u00bb{}\u00bb]<\/p>\n<h2>Diagn\u00f3stico por imagen en Co\u00edn:\u00a0 radiograf\u00eda y ecograf\u00edas.\u00a0<\/h2>\n<p>[\/et_pb_text][et_pb_text quote_border_color=\u00bb#57cc99&#8243; _builder_version=\u00bb4.27.4&#8243; _module_preset=\u00bb2c55a9c4-feed-423b-9edb-ae0b5b365cac\u00bb text_font=\u00bbPoppins|Poppins_weight|||||||\u00bb text_text_color=\u00bb#3c3a47&#8243; text_font_size=\u00bb16px\u00bb text_line_height=\u00bb1.75em\u00bb link_font=\u00bb|Poppins_weight|||||||\u00bb link_text_color=\u00bb#22577a\u00bb quote_font=\u00bbAbril Fatface|Abril Fatface_weight|||||||\u00bb quote_text_color=\u00bb#0e0c19&#8243; header_font=\u00bbAbril Fatface|Abril Fatface_weight|||||||\u00bb header_text_color=\u00bb#0e0c19&#8243; header_font_size=\u00bb72px\u00bb header_line_height=\u00bb1.15em\u00bb header_2_font=\u00bbAbril Fatface|Abril Fatface_weight|||||||\u00bb header_2_text_color=\u00bb#0e0c19&#8243; header_2_font_size=\u00bb50px\u00bb header_2_line_height=\u00bb1.2em\u00bb header_3_font=\u00bbAbril Fatface|Abril Fatface_weight|||||||\u00bb header_3_text_color=\u00bb#0e0c19&#8243; header_3_font_size=\u00bb32px\u00bb header_3_line_height=\u00bb1.3em\u00bb header_4_font=\u00bbAbril Fatface|Abril Fatface_weight|||||||\u00bb header_4_text_color=\u00bb#0e0c19&#8243; header_4_font_size=\u00bb24px\u00bb header_4_line_height=\u00bb1.4em\u00bb header_5_font=\u00bbAbril Fatface|Abril Fatface_weight|||||||\u00bb header_5_text_color=\u00bb#0e0c19&#8243; header_5_font_size=\u00bb18px\u00bb header_5_line_height=\u00bb1.4em\u00bb header_6_font=\u00bbAbril Fatface|Abril Fatface_weight|||||||\u00bb header_6_text_color=\u00bb#0e0c19&#8243; header_6_line_height=\u00bb1.5em\u00bb custom_margin=\u00bb||11px||false|false\u00bb text_font_size_tablet=\u00bb15px\u00bb text_font_size_phone=\u00bb14px\u00bb text_font_size_last_edited=\u00bbon|phone\u00bb header_font_size_tablet=\u00bb40px\u00bb header_font_size_phone=\u00bb24px\u00bb header_font_size_last_edited=\u00bbon|desktop\u00bb header_2_font_size_tablet=\u00bb28px\u00bb header_2_font_size_phone=\u00bb20px\u00bb header_2_font_size_last_edited=\u00bbon|phone\u00bb header_3_font_size_tablet=\u00bb22px\u00bb header_3_font_size_phone=\u00bb17px\u00bb header_3_font_size_last_edited=\u00bbon|phone\u00bb header_4_font_size_tablet=\u00bb18px\u00bb header_4_font_size_phone=\u00bb15px\u00bb header_4_font_size_last_edited=\u00bbon|tablet\u00bb header_5_font_size_tablet=\u00bb15px\u00bb header_5_font_size_phone=\u00bb14px\u00bb header_5_font_size_last_edited=\u00bbon|desktop\u00bb header_6_font_size_tablet=\u00bb13px\u00bb header_6_font_size_phone=\u00bb13px\u00bb header_6_font_size_last_edited=\u00bbon|desktop\u00bb locked=\u00bboff\u00bb global_colors_info=\u00bb{}\u00bb]<\/p>\n<p style=\"text-align: justify;\">En Ana Veterinaria apostamos por la tecnolog\u00eda como herramienta al servicio del diagn\u00f3stico. Contamos con <strong data-start=\"356\" data-end=\"424\">radiograf\u00eda digital y ecograf\u00eda veterinaria de \u00faltima generaci\u00f3n<\/strong>, que nos permiten observar con precisi\u00f3n el interior del cuerpo de tu mascota sin causar molestias. Este tipo de pruebas son fundamentales para detectar enfermedades de forma temprana y tomar decisiones cl\u00ednicas seguras.<\/p>\n<p>[\/et_pb_text][\/et_pb_column][\/et_pb_row][\/et_pb_section][et_pb_section fb_built=\u00bb1&#8243; admin_label=\u00bbHero\u00bb _builder_version=\u00bb4.27.4&#8243; _module_preset=\u00bb74c69059-8e69-4122-b1e6-dfeabf6c5711&#8243; background_enable_image=\u00bboff\u00bb custom_padding=\u00bb0px||0px||true|false\u00bb locked=\u00bboff\u00bb collapsed=\u00bbon\u00bb global_colors_info=\u00bb{}\u00bb][et_pb_row column_structure=\u00bb1_2,1_2&#8243; _builder_version=\u00bb4.27.4&#8243; _module_preset=\u00bbdefault\u00bb global_colors_info=\u00bb{}\u00bb custom_padding=\u00bb3px|||||\u00bb][et_pb_column type=\u00bb1_2&#8243; _builder_version=\u00bb4.27.4&#8243; _module_preset=\u00bbdefault\u00bb global_colors_info=\u00bb{}\u00bb][et_pb_text _builder_version=\u00bb4.27.4&#8243; _module_preset=\u00bbdefault\u00bb hover_enabled=\u00bb0&#8243; sticky_enabled=\u00bb0&#8243;]<\/p>\n<p data-start=\"1032\" data-end=\"1237\" style=\"text-align: justify;\">Nuestra unidad de radiolog\u00eda digital ofrece im\u00e1genes de alta resoluci\u00f3n en cuesti\u00f3n de segundos, sin usar productos qu\u00edmicos ni radiaci\u00f3n innecesaria. Esto se traduce en diagn\u00f3sticos m\u00e1s r\u00e1pidos y seguros.<\/p>\n<p data-start=\"1239\" data-end=\"1605\" style=\"text-align: justify;\">La radiograf\u00eda es clave en casos de traumatismos, ca\u00eddas o enfermedades articulares. Nos permite diagnosticar fracturas, luxaciones, displasias de cadera y codo, lesiones de columna, artrosis, as\u00ed como evaluar el estado del coraz\u00f3n, los pulmones y los \u00f3rganos abdominales. Tambi\u00e9n es muy \u00fatil en gestaciones para controlar el desarrollo de los fetos antes del parto.<\/p>\n<h3 data-start=\"1612\" data-end=\"1663\" style=\"text-align: justify;\">Ecograf\u00eda: Precisi\u00f3n en Tiempo Real<\/h3>\n<p data-start=\"1665\" data-end=\"1842\" style=\"text-align: justify;\">La ecograf\u00eda es una t\u00e9cnica no invasiva que utiliza ultrasonidos para visualizar \u00f3rganos en movimiento. Es totalmente indolora y no requiere sedaci\u00f3n en la mayor\u00eda de los casos.<\/p>\n<p data-start=\"1844\" data-end=\"2226\" style=\"text-align: justify;\">Con ella podemos estudiar el h\u00edgado, los ri\u00f1ones, el bazo, la vejiga, el aparato digestivo, el p\u00e1ncreas y las gl\u00e1ndulas adrenales. Tambi\u00e9n es muy \u00fatil en el diagn\u00f3stico de enfermedades como la pancreatitis, la enfermedad renal, los tumores abdominales o los l\u00edquidos libres en cavidad abdominal. Adem\u00e1s, la utilizamos como gu\u00eda para realizar punciones y biopsias con gran precisi\u00f3n.<\/p>\n<p>[\/et_pb_text][\/et_pb_column][et_pb_column type=\u00bb1_2&#8243; _builder_version=\u00bb4.27.4&#8243; _module_preset=\u00bbdefault\u00bb global_colors_info=\u00bb{}\u00bb][et_pb_image src=\u00bbhttps:\/\/anaveterinaria.es\/wp-content\/uploads\/2025\/11\/3G1A2568-scaled.jpg\u00bb _builder_version=\u00bb4.27.4&#8243; _module_preset=\u00bbdefault\u00bb title_text=\u00bb3G1A2568&#8243; border_radii=\u00bbon|12px|12px|12px|12px\u00bb box_shadow_style=\u00bbpreset3&#8243; hover_enabled=\u00bb0&#8243; sticky_enabled=\u00bb0&#8243; custom_padding=\u00bb50px|||||\u00bb][\/et_pb_image][\/et_pb_column][\/et_pb_row][et_pb_row column_structure=\u00bb1_2,1_2&#8243; _builder_version=\u00bb4.27.4&#8243; _module_preset=\u00bbdefault\u00bb global_colors_info=\u00bb{}\u00bb][et_pb_column type=\u00bb1_2&#8243; _builder_version=\u00bb4.27.4&#8243; _module_preset=\u00bbdefault\u00bb global_colors_info=\u00bb{}\u00bb][et_pb_image src=\u00bbhttps:\/\/anaveterinaria.es\/wp-content\/uploads\/2025\/11\/3G1A2677-Editar-scaled.jpg\u00bb title_text=\u00bb3G1A2677-Editar\u00bb _builder_version=\u00bb4.27.4&#8243; _module_preset=\u00bbdefault\u00bb border_radii=\u00bbon|12px|12px|12px|12px\u00bb box_shadow_style=\u00bbpreset3&#8243; global_colors_info=\u00bb{}\u00bb custom_padding=\u00bb74px|||||\u00bb][\/et_pb_image][\/et_pb_column][et_pb_column type=\u00bb1_2&#8243; _builder_version=\u00bb4.27.4&#8243; _module_preset=\u00bbdefault\u00bb global_colors_info=\u00bb{}\u00bb][et_pb_text _builder_version=\u00bb4.27.4&#8243; _module_preset=\u00bbdefault\u00bb global_colors_info=\u00bb{}\u00bb]<\/p>\n<h3 data-start=\"2233\" data-end=\"2278\" style=\"text-align: justify;\">Control de Gestaci\u00f3n y Salud Reproductiva<\/h3>\n<p data-start=\"2280\" data-end=\"2585\" style=\"text-align: justify;\">Mediante ecograf\u00edas gestacionales podemos confirmar el embarazo en perras y gatas desde los primeros d\u00edas, hacer recuento de fetos, controlar su viabilidad y preparar el parto con toda la informaci\u00f3n necesaria. Esto es especialmente \u00fatil en gestaciones de riesgo o en razas propensas a partos complicados.<\/p>\n<h3 data-start=\"2592\" data-end=\"2623\" style=\"text-align: justify;\">Ecocardiograf\u00eda Veterinaria<\/h3>\n<p data-start=\"2625\" data-end=\"2965\" style=\"text-align: justify;\">La ecograf\u00eda card\u00edaca (ecocardiograf\u00eda) permite evaluar el funcionamiento del coraz\u00f3n, detectar soplos, miocardiopat\u00edas, derrames peric\u00e1rdicos y controlar el seguimiento de animales con tratamiento cardiol\u00f3gico. Es una prueba esencial para perros mayores o con s\u00edntomas respiratorios, y tambi\u00e9n como parte del chequeo previo a la anestesia.<\/p>\n<h3 data-start=\"2972\" data-end=\"3022\" style=\"text-align: justify;\">Una imagen vale tanto como saber interpretarla<\/h3>\n<p data-start=\"3024\" data-end=\"3333\" style=\"text-align: justify;\">De poco sirve una buena m\u00e1quina sin una correcta lectura. En Ana Veterinaria no solo contamos con <strong data-start=\"3122\" data-end=\"3171\">tecnolog\u00eda de diagn\u00f3stico por imagen avanzada<\/strong>, sino con un equipo formado y especializado en interpretar cada imagen con rigor cl\u00ednico. Sabemos qu\u00e9 buscar, c\u00f3mo analizarlo y c\u00f3mo ayudarte a tomar decisiones.<\/p>\n<p>[\/et_pb_text][\/et_pb_column][\/et_pb_row][\/et_pb_section]<\/p>\n","protected":false},"excerpt":{"rendered":"<p>Diagn\u00f3stico por imagen en Co\u00edn:\u00a0 radiograf\u00eda y ecograf\u00edas.\u00a0En Ana Veterinaria apostamos por la tecnolog\u00eda como herramienta al servicio del diagn\u00f3stico. Contamos con radiograf\u00eda digital y ecograf\u00eda veterinaria de \u00faltima generaci\u00f3n, que nos permiten observar con precisi\u00f3n el interior del cuerpo de tu mascota sin causar molestias. Este tipo de pruebas son fundamentales para detectar enfermedades [&hellip;]<\/p>\n","protected":false},"author":1,"featured_media":0,"parent":0,"menu_order":0,"comment_status":"closed","ping_status":"closed","template":"","meta":{"_et_pb_use_builder":"on","_et_pb_old_content":"","_et_gb_content_width":"","footnotes":""},"class_list":["post-987489607","page","type-page","status-publish","hentry"],"_links":{"self":[{"href":"https:\/\/anaveterinaria.es\/en\/wp-json\/wp\/v2\/pages\/987489607","targetHints":{"allow":["GET"]}}],"collection":[{"href":"https:\/\/anaveterinaria.es\/en\/wp-json\/wp\/v2\/pages"}],"about":[{"href":"https:\/\/anaveterinaria.es\/en\/wp-json\/wp\/v2\/types\/page"}],"author":[{"embeddable":true,"href":"https:\/\/anaveterinaria.es\/en\/wp-json\/wp\/v2\/users\/1"}],"replies":[{"embeddable":true,"href":"https:\/\/anaveterinaria.es\/en\/wp-json\/wp\/v2\/comments?post=987489607"}],"version-history":[{"count":10,"href":"https:\/\/anaveterinaria.es\/en\/wp-json\/wp\/v2\/pages\/987489607\/revisions"}],"predecessor-version":[{"id":987489913,"href":"https:\/\/anaveterinaria.es\/en\/wp-json\/wp\/v2\/pages\/987489607\/revisions\/987489913"}],"wp:attachment":[{"href":"https:\/\/anaveterinaria.es\/en\/wp-json\/wp\/v2\/media?parent=987489607"}],"curies":[{"name":"wp","href":"https:\/\/api.w.org\/{rel}","templated":true}]}}