{"id":987489605,"date":"2025-11-12T10:31:32","date_gmt":"2025-11-12T10:31:32","guid":{"rendered":"https:\/\/anaveterinaria.es\/visitas-a-domicilio\/"},"modified":"2025-11-24T21:21:22","modified_gmt":"2025-11-24T21:21:22","slug":"visitas-a-domicilio","status":"publish","type":"page","link":"https:\/\/anaveterinaria.es\/en\/visitas-a-domicilio\/","title":{"rendered":"Visitas Veterinarias a Domicilio | Co\u00edn, Alhaur\u00edn, Monda, Valle Guadalhorce"},"content":{"rendered":"<p>[et_pb_section fb_built=\u00bb1&#8243; _builder_version=\u00bb4.27.4&#8243; _module_preset=\u00bbdefault\u00bb custom_padding=\u00bb47px|||||\u00bb global_colors_info=\u00bb{}\u00bb][et_pb_row _builder_version=\u00bb4.27.4&#8243; _module_preset=\u00bbdefault\u00bb custom_padding=\u00bb0px||4px|||\u00bb global_colors_info=\u00bb{}\u00bb][et_pb_column type=\u00bb4_4&#8243; _builder_version=\u00bb4.27.4&#8243; _module_preset=\u00bbdefault\u00bb global_colors_info=\u00bb{}\u00bb][et_pb_blurb title=\u00bbVISITAS A DOMICILIO\u00bb use_icon=\u00bbon\u00bb font_icon=\u00bb&#xf1b0;||fa||900&#8243; icon_placement=\u00bbleft\u00bb image_icon_width=\u00bb20px\u00bb content_max_width=\u00bb100%\u00bb module_class=\u00bbsub-title\u00bb _builder_version=\u00bb4.27.4&#8243; _module_preset=\u00bbdefault\u00bb header_font=\u00bbPaytone One|||on|||||\u00bb header_font_size=\u00bb16px\u00bb header_line_height=\u00bb20px\u00bb custom_margin=\u00bb||15px||false|false\u00bb custom_padding=\u00bb7px|15px|7px|15px|true|true\u00bb animation=\u00bboff\u00bb hover_enabled=\u00bb0&#8243; custom_css_main_element=\u00bbwidth: fit-content;||margin: 0 auto;\u00bb custom_css_blurb_title=\u00bbpadding-bottom: 0px;\u00bb border_radii=\u00bbon|5px|5px|5px|5px\u00bb box_shadow_style=\u00bbpreset2&#8243; box_shadow_spread=\u00bb-5px\u00bb global_colors_info=\u00bb{}\u00bb theme_builder_area=\u00bbpost_content\u00bb sticky_enabled=\u00bb0&#8243;][\/et_pb_blurb][et_pb_text module_class=\u00bbtitle\u00bb _builder_version=\u00bb4.27.4&#8243; _module_preset=\u00bbdefault\u00bb header_2_font=\u00bbPaytone One||||||||\u00bb header_2_text_align=\u00bbcenter\u00bb header_2_font_size=\u00bb50px\u00bb header_2_line_height=\u00bb60px\u00bb custom_margin=\u00bb||0px||false|false\u00bb hover_enabled=\u00bb0&#8243; header_2_font_size_tablet=\u00bb40px\u00bb header_2_font_size_phone=\u00bb35px\u00bb header_2_font_size_last_edited=\u00bbon|tablet\u00bb header_2_line_height_tablet=\u00bb50px\u00bb header_2_line_height_phone=\u00bb45px\u00bb header_2_line_height_last_edited=\u00bbon|phone\u00bb global_colors_info=\u00bb{}\u00bb theme_builder_area=\u00bbpost_content\u00bb sticky_enabled=\u00bb0&#8243;]<\/p>\n<h2>Veterinario a domicilio en Co\u00edn y alrededores.<\/h2>\n<p>[\/et_pb_text][et_pb_text quote_border_color=\u00bb#57cc99&#8243; _builder_version=\u00bb4.27.4&#8243; _module_preset=\u00bb2c55a9c4-feed-423b-9edb-ae0b5b365cac\u00bb text_font=\u00bbPoppins|Poppins_weight|||||||\u00bb text_text_color=\u00bb#3c3a47&#8243; text_font_size=\u00bb16px\u00bb text_line_height=\u00bb1.75em\u00bb link_font=\u00bb|Poppins_weight|||||||\u00bb link_text_color=\u00bb#22577a\u00bb quote_font=\u00bbAbril Fatface|Abril Fatface_weight|||||||\u00bb quote_text_color=\u00bb#0e0c19&#8243; header_font=\u00bbAbril Fatface|Abril Fatface_weight|||||||\u00bb header_text_color=\u00bb#0e0c19&#8243; header_font_size=\u00bb72px\u00bb header_line_height=\u00bb1.15em\u00bb header_2_font=\u00bbAbril Fatface|Abril Fatface_weight|||||||\u00bb header_2_text_color=\u00bb#0e0c19&#8243; header_2_font_size=\u00bb50px\u00bb header_2_line_height=\u00bb1.2em\u00bb header_3_font=\u00bbAbril Fatface|Abril Fatface_weight|||||||\u00bb header_3_text_color=\u00bb#0e0c19&#8243; header_3_font_size=\u00bb32px\u00bb header_3_line_height=\u00bb1.3em\u00bb header_4_font=\u00bbAbril Fatface|Abril Fatface_weight|||||||\u00bb header_4_text_color=\u00bb#0e0c19&#8243; header_4_font_size=\u00bb24px\u00bb header_4_line_height=\u00bb1.4em\u00bb header_5_font=\u00bbAbril Fatface|Abril Fatface_weight|||||||\u00bb header_5_text_color=\u00bb#0e0c19&#8243; header_5_font_size=\u00bb18px\u00bb header_5_line_height=\u00bb1.4em\u00bb header_6_font=\u00bbAbril Fatface|Abril Fatface_weight|||||||\u00bb header_6_text_color=\u00bb#0e0c19&#8243; header_6_line_height=\u00bb1.5em\u00bb custom_margin=\u00bb||11px||false|false\u00bb text_font_size_tablet=\u00bb15px\u00bb text_font_size_phone=\u00bb14px\u00bb text_font_size_last_edited=\u00bbon|phone\u00bb header_font_size_tablet=\u00bb40px\u00bb header_font_size_phone=\u00bb24px\u00bb header_font_size_last_edited=\u00bbon|desktop\u00bb header_2_font_size_tablet=\u00bb28px\u00bb header_2_font_size_phone=\u00bb20px\u00bb header_2_font_size_last_edited=\u00bbon|phone\u00bb header_3_font_size_tablet=\u00bb22px\u00bb header_3_font_size_phone=\u00bb17px\u00bb header_3_font_size_last_edited=\u00bbon|phone\u00bb header_4_font_size_tablet=\u00bb18px\u00bb header_4_font_size_phone=\u00bb15px\u00bb header_4_font_size_last_edited=\u00bbon|tablet\u00bb header_5_font_size_tablet=\u00bb15px\u00bb header_5_font_size_phone=\u00bb14px\u00bb header_5_font_size_last_edited=\u00bbon|desktop\u00bb header_6_font_size_tablet=\u00bb13px\u00bb header_6_font_size_phone=\u00bb13px\u00bb header_6_font_size_last_edited=\u00bbon|desktop\u00bb locked=\u00bboff\u00bb global_colors_info=\u00bb{}\u00bb]<\/p>\n<p style=\"text-align: justify;\">Hay mascotas que no lo pasan bien al salir de casa. Algunas sufren ansiedad en el coche, otras est\u00e1n mayores o enfermas, y otras simplemente se sienten m\u00e1s seguras en su entorno. Pensando en ellas \u2014y tambi\u00e9n en ti\u2014 en <strong data-start=\"516\" data-end=\"535\">Ana Veterinaria<\/strong> ofrecemos un servicio de atenci\u00f3n veterinaria a domicilio en Co\u00edn y alrededores.<\/p>\n<p>[\/et_pb_text][\/et_pb_column][\/et_pb_row][et_pb_row column_structure=\u00bb1_2,1_2&#8243; _builder_version=\u00bb4.27.4&#8243; _module_preset=\u00bbdefault\u00bb global_colors_info=\u00bb{}\u00bb][et_pb_column type=\u00bb1_2&#8243; _builder_version=\u00bb4.27.4&#8243; _module_preset=\u00bbdefault\u00bb global_colors_info=\u00bb{}\u00bb][et_pb_text _builder_version=\u00bb4.27.4&#8243; _module_preset=\u00bbdefault\u00bb global_colors_info=\u00bb{}\u00bb]<\/p>\n<blockquote>\n<p style=\"text-align: justify;\"><strong>IMPORTANTE:\u00a0 <span style=\"color: #000000;\">POR RAZONES T\u00c9CNICAS Y SANITARIAS, NO TODOS LOS SERVICIOS PUEDEN REALIZARSE FUERA DE LA CL\u00cdNICA. INTERVENCIONES QUIR\u00daRGICAS, RADIOGRAF\u00cdAS, ECOGRAF\u00cdAS O URGENCIAS GRAVES REQUIEREN EQUIPAMIENTO ESPECIALIZADO Y CONDICIONES DE ESTERILIDAD QUE SOLO PODEMOS OFRECER EN NUESTRAS INSTALACIONES. <span style=\"text-decoration: underline; color: #e02b20;\">POR ESO, CADA SOLICITUD A DOMICILIO SE VALORA INDIVIDUALMENTE Y SE ATIENDE BAJO CITA PREVIA.<\/span><\/span><\/strong><\/p>\n<\/blockquote>\n<p>Nuestro servicio de veterinario a domicilio est\u00e1 pensado para esos momentos en los que desplazarse se convierte en un problema: animales con miedo o estr\u00e9s, propietarios sin medio de transporte, personas mayores, viviendas rurales alejadas\u2026 Incluso en las situaciones m\u00e1s delicadas, como el final de la vida, poder estar en casa con calma marca una gran diferencia. Por eso nos desplazamos con todo lo necesario para atenderte donde t\u00fa est\u00e9s, siempre que el caso lo permita.<\/p>\n<p>[\/et_pb_text][\/et_pb_column][et_pb_column type=\u00bb1_2&#8243; _builder_version=\u00bb4.27.4&#8243; _module_preset=\u00bbdefault\u00bb global_colors_info=\u00bb{}\u00bb][et_pb_image src=\u00bbhttps:\/\/anaveterinaria.es\/wp-content\/uploads\/2025\/11\/lindo-gato-tirado-junto-la-ventana-2.jpg\u00bb title_text=\u00bblindo-gato-tirado-junto-la-ventana\u00bb _builder_version=\u00bb4.27.4&#8243; _module_preset=\u00bbdefault\u00bb border_radii=\u00bbon|12px|12px|12px|12px\u00bb box_shadow_style=\u00bbpreset3&#8243; global_colors_info=\u00bb{}\u00bb][\/et_pb_image][\/et_pb_column][\/et_pb_row][\/et_pb_section][et_pb_section fb_built=\u00bb1&#8243; _builder_version=\u00bb4.27.4&#8243; _module_preset=\u00bbdefault\u00bb custom_margin=\u00bb-78px|||||\u00bb custom_padding=\u00bb0px|||||\u00bb global_colors_info=\u00bb{}\u00bb][et_pb_row column_structure=\u00bb1_2,1_2&#8243; _builder_version=\u00bb4.27.4&#8243; _module_preset=\u00bbdefault\u00bb global_colors_info=\u00bb{}\u00bb][et_pb_column type=\u00bb1_2&#8243; _builder_version=\u00bb4.27.4&#8243; _module_preset=\u00bbdefault\u00bb global_colors_info=\u00bb{}\u00bb][et_pb_image src=\u00bbhttps:\/\/anaveterinaria.es\/wp-content\/uploads\/2025\/11\/cerca-de-garrapata-de-perro-americano-arrastrandose-pieles-de-animales-estos-aracnidos-son-mas-activos-en-primavera-y-pueden-ser-carreras-de-la-enfermedad-de-lyme-o-encefalitis-nadie.jpg\u00bb title_text=\u00bbClose up of American dog tick crawling animal fur. These arachnids a most active in spring and can be careers of Lyme disease or encephalitis. Nobody\u00bb _builder_version=\u00bb4.27.4&#8243; _module_preset=\u00bbdefault\u00bb border_radii=\u00bbon|12px|12px|12px|12px\u00bb box_shadow_style=\u00bbpreset3&#8243; global_colors_info=\u00bb{}\u00bb][\/et_pb_image][\/et_pb_column][et_pb_column type=\u00bb1_2&#8243; _builder_version=\u00bb4.27.4&#8243; _module_preset=\u00bbdefault\u00bb global_colors_info=\u00bb{}\u00bb][et_pb_text _builder_version=\u00bb4.27.4&#8243; _module_preset=\u00bbdefault\u00bb global_colors_info=\u00bb{}\u00bb]<\/p>\n<p data-start=\"1455\" data-end=\"1850\" style=\"text-align: justify;\">Realizamos <strong data-start=\"1466\" data-end=\"1502\">consultas veterinarias generales<\/strong>: revisiones de salud, exploraciones f\u00edsicas, diagn\u00f3stico de s\u00edntomas, asesoramiento en nutrici\u00f3n y comportamiento, as\u00ed como prescripci\u00f3n de tratamientos. Tambi\u00e9n ofrecemos <strong data-start=\"1675\" data-end=\"1691\">vacunaciones<\/strong>, <strong data-start=\"1693\" data-end=\"1714\">desparasitaciones<\/strong>, y control de par\u00e1sitos externos como pulgas, garrapatas o mosquitos transmisores de leishmania y filaria, tan comunes en nuestra zona.<\/p>\n<p data-start=\"1852\" data-end=\"2102\" style=\"text-align: justify;\">Podemos realizar <strong data-start=\"1974\" data-end=\"2004\">curas, retiradas de puntos<\/strong>, cambios de vendajes, aplicaci\u00f3n de medicaci\u00f3n inyectable o seguimiento de tratamientos cr\u00f3nicos.<\/p>\n<p data-start=\"2104\" data-end=\"2284\" style=\"text-align: justify;\">Si es necesario, tambi\u00e9n nos encargamos de la <strong data-start=\"2150\" data-end=\"2170\">toma de muestras<\/strong> para an\u00e1lisis cl\u00ednicos (sangre, orina, raspados cut\u00e1neos\u2026) que procesamos despu\u00e9s en nuestro laboratorio en Co\u00edn.<\/p>\n<p>[\/et_pb_text][\/et_pb_column][\/et_pb_row][\/et_pb_section]<\/p>\n","protected":false},"excerpt":{"rendered":"<p>Veterinario a domicilio en Co\u00edn y alrededores.Hay mascotas que no lo pasan bien al salir de casa. Algunas sufren ansiedad en el coche, otras est\u00e1n mayores o enfermas, y otras simplemente se sienten m\u00e1s seguras en su entorno. Pensando en ellas \u2014y tambi\u00e9n en ti\u2014 en Ana Veterinaria ofrecemos un servicio de atenci\u00f3n veterinaria a [&hellip;]<\/p>\n","protected":false},"author":1,"featured_media":0,"parent":0,"menu_order":0,"comment_status":"closed","ping_status":"closed","template":"","meta":{"_et_pb_use_builder":"on","_et_pb_old_content":"","_et_gb_content_width":"","footnotes":""},"class_list":["post-987489605","page","type-page","status-publish","hentry"],"_links":{"self":[{"href":"https:\/\/anaveterinaria.es\/en\/wp-json\/wp\/v2\/pages\/987489605","targetHints":{"allow":["GET"]}}],"collection":[{"href":"https:\/\/anaveterinaria.es\/en\/wp-json\/wp\/v2\/pages"}],"about":[{"href":"https:\/\/anaveterinaria.es\/en\/wp-json\/wp\/v2\/types\/page"}],"author":[{"embeddable":true,"href":"https:\/\/anaveterinaria.es\/en\/wp-json\/wp\/v2\/users\/1"}],"replies":[{"embeddable":true,"href":"https:\/\/anaveterinaria.es\/en\/wp-json\/wp\/v2\/comments?post=987489605"}],"version-history":[{"count":13,"href":"https:\/\/anaveterinaria.es\/en\/wp-json\/wp\/v2\/pages\/987489605\/revisions"}],"predecessor-version":[{"id":987489851,"href":"https:\/\/anaveterinaria.es\/en\/wp-json\/wp\/v2\/pages\/987489605\/revisions\/987489851"}],"wp:attachment":[{"href":"https:\/\/anaveterinaria.es\/en\/wp-json\/wp\/v2\/media?parent=987489605"}],"curies":[{"name":"wp","href":"https:\/\/api.w.org\/{rel}","templated":true}]}}