{"id":987489545,"date":"2025-09-16T20:16:40","date_gmt":"2025-09-16T20:16:40","guid":{"rendered":"https:\/\/anaveterinaria.es\/?page_id=987489545"},"modified":"2025-11-24T21:11:50","modified_gmt":"2025-11-24T21:11:50","slug":"sobre-nosotras","status":"publish","type":"page","link":"https:\/\/anaveterinaria.es\/en\/sobre-nosotras\/","title":{"rendered":"ABOUT US"},"content":{"rendered":"<p>[et_pb_section fb_built=\u00bb1&#8243; _builder_version=\u00bb4.27.4&#8243; _module_preset=\u00bbdefault\u00bb custom_padding=\u00bb0px||0px|||\u00bb global_colors_info=\u00bb{}\u00bb][et_pb_row _builder_version=\u00bb4.27.4&#8243; _module_preset=\u00bbdefault\u00bb custom_padding=\u00bb85px|||||\u00bb global_colors_info=\u00bb{}\u00bb][et_pb_column type=\u00bb4_4&#8243; _builder_version=\u00bb4.27.4&#8243; _module_preset=\u00bbdefault\u00bb global_colors_info=\u00bb{}\u00bb][et_pb_blurb title=\u00bbSOBRE  NOSOTRAS\u00bb use_icon=\u00bbon\u00bb font_icon=\u00bb&#xf1b0;||fa||900&#8243; icon_placement=\u00bbleft\u00bb image_icon_width=\u00bb20px\u00bb content_max_width=\u00bb100%\u00bb module_class=\u00bbsub-title\u00bb _builder_version=\u00bb4.27.4&#8243; _module_preset=\u00bbdefault\u00bb header_font=\u00bbPaytone One|||on|||||\u00bb header_font_size=\u00bb16px\u00bb header_line_height=\u00bb20px\u00bb custom_margin=\u00bb||15px||false|false\u00bb custom_padding=\u00bb7px|15px|7px|15px|true|true\u00bb animation=\u00bboff\u00bb custom_css_main_element=\u00bbwidth: fit-content;||margin: 0 auto;\u00bb custom_css_blurb_title=\u00bbpadding-bottom: 0px;\u00bb border_radii=\u00bbon|5px|5px|5px|5px\u00bb box_shadow_style=\u00bbpreset2&#8243; box_shadow_spread=\u00bb-5px\u00bb global_colors_info=\u00bb{}\u00bb][\/et_pb_blurb][et_pb_text module_class=\u00bbtitle\u00bb _builder_version=\u00bb4.27.4&#8243; _module_preset=\u00bbdefault\u00bb header_2_font=\u00bbPaytone One||||||||\u00bb header_2_text_align=\u00bbcenter\u00bb header_2_font_size=\u00bb50px\u00bb header_2_line_height=\u00bb60px\u00bb custom_margin=\u00bb||0px||false|false\u00bb hover_enabled=\u00bb0&#8243; header_2_font_size_tablet=\u00bb40px\u00bb header_2_font_size_phone=\u00bb35px\u00bb header_2_font_size_last_edited=\u00bbon|tablet\u00bb header_2_line_height_tablet=\u00bb50px\u00bb header_2_line_height_phone=\u00bb45px\u00bb header_2_line_height_last_edited=\u00bbon|phone\u00bb global_colors_info=\u00bb{}\u00bb theme_builder_area=\u00bbpost_content\u00bb sticky_enabled=\u00bb0&#8243;]<\/p>\n<h2>Conoce a nuestro equipo.<\/h2>\n<p>[\/et_pb_text][et_pb_text _builder_version=\u00bb4.27.4&#8243; _module_preset=\u00bbdefault\u00bb custom_margin=\u00bb32px|||||\u00bb global_colors_info=\u00bb{}\u00bb]<\/p>\n<p style=\"text-align: justify;\">Detr\u00e1s de Ana Veterinaria hay un equipo comprometido, cercano y apasionado por el bienestar animal. Nos mueve la vocaci\u00f3n, el cari\u00f1o y la responsabilidad de cuidar a cada mascota como si fuera parte de nuestra propia familia. Trabajamos d\u00eda a d\u00eda para ofrecer un trato profesional, humano y personalizado, tanto en la cl\u00ednica como en las visitas a domicilio. Porque creemos que la confianza se construye con dedicaci\u00f3n, empat\u00eda y resultados.<\/p>\n<p>[\/et_pb_text][et_pb_image src=\u00bbhttps:\/\/anaveterinaria.es\/wp-content\/uploads\/2025\/09\/3G1A2742-Editar-scaled.jpg\u00bb title_text=\u00bb3G1A2742-Editar\u00bb _builder_version=\u00bb4.27.4&#8243; _module_preset=\u00bbdefault\u00bb width=\u00bb100%\u00bb custom_padding=\u00bb|0px||7px||\u00bb animation_style=\u00bbfade\u00bb box_shadow_style=\u00bbpreset1&#8243; global_colors_info=\u00bb{}\u00bb][\/et_pb_image][\/et_pb_column][\/et_pb_row][et_pb_row column_structure=\u00bb1_2,1_2&#8243; _builder_version=\u00bb4.27.4&#8243; _module_preset=\u00bbdefault\u00bb custom_padding=\u00bb||0px|||\u00bb global_colors_info=\u00bb{}\u00bb][et_pb_column type=\u00bb1_2&#8243; _builder_version=\u00bb4.27.4&#8243; _module_preset=\u00bbdefault\u00bb global_colors_info=\u00bb{}\u00bb][et_pb_team_member name=\u00bbAna Morales \u00bb position=\u00bbVeterinaria\u00bb image_url=\u00bbhttps:\/\/anaveterinaria.es\/wp-content\/uploads\/2025\/09\/3G1A2502-Editar-scaled.jpg\u00bb _builder_version=\u00bb4.27.4&#8243; _module_preset=\u00bbdefault\u00bb custom_padding=\u00bb|189px||0px||\u00bb border_radii_image=\u00bbon|12px|12px|12px|12px\u00bb box_shadow_style_image=\u00bbpreset2&#8243; global_colors_info=\u00bb{}\u00bb]<\/p>\n<p data-start=\"175\" data-end=\"561\" style=\"text-align: justify;\">Desde peque\u00f1a he tenido la suerte de crecer rodeada de animales en la granja de mis padres: vacas, cerdos, gallinas, conejos, perros y gatos formaban parte de mi vida. Con ellos aprend\u00ed lo que significa cuidar, disfrutar y tambi\u00e9n sufrir cuando enfermaban. Desde entonces supe que quer\u00eda dedicarme a la veterinaria, especialmente a mis dos grandes debilidades: los perros y los gatos.<\/p>\n<p data-start=\"563\" data-end=\"930\" style=\"text-align: justify;\">Soy licenciada en Veterinaria por la Universidad de C\u00f3rdoba (2001) y desde entonces he continuado form\u00e1ndome en medicina general, cirug\u00eda de tejidos blandos y odontolog\u00eda felina y canina. Gracias al apoyo de mi familia y a la confianza de quienes hab\u00e9is tra\u00eddo a vuestras mascotas durante m\u00e1s de 20 a\u00f1os, este sue\u00f1o llamado Ana Veterinaria sigue creciendo cada d\u00eda.<\/p>\n<p>[\/et_pb_team_member][\/et_pb_column][et_pb_column type=\u00bb1_2&#8243; _builder_version=\u00bb4.27.4&#8243; _module_preset=\u00bbdefault\u00bb global_colors_info=\u00bb{}\u00bb][et_pb_team_member name=\u00bbAzahara\u00bb position=\u00bbVeterinaria\u00bb image_url=\u00bbhttps:\/\/anaveterinaria.es\/wp-content\/uploads\/2025\/09\/3G1A2441-Editar-scaled.jpg\u00bb _builder_version=\u00bb4.27.4&#8243; _module_preset=\u00bbdefault\u00bb custom_padding=\u00bb|0px||189px||\u00bb border_radii_image=\u00bbon|12px|12px|12px|12px\u00bb box_shadow_style_image=\u00bbpreset2&#8243; global_colors_info=\u00bb{}\u00bb]<\/p>\n<p style=\"text-align: justify;\">Desde siempre he sentido que los animales deb\u00edan formar parte de mi vida. A los 14 a\u00f1os, mi perra sufri\u00f3 un accidente y durante semanas me volqu\u00e9 en sus cuidados. Aquella experiencia marc\u00f3 un antes y un despu\u00e9s: fue entonces cuando supe que quer\u00eda dedicarme a la veterinaria.<\/p>\n<p>Soy licenciada en Veterinaria por la Universidad de C\u00f3rdoba, con una estancia pr\u00e1ctica en la Universidad de Lyon, en Francia. Cuento con un m\u00e1ster en Medicina, Sanidad y Mejora Animal, y formaci\u00f3n en diagn\u00f3stico por imagen, tanto en ecograf\u00eda como en radiograf\u00eda. Adem\u00e1s, hablo ingl\u00e9s y franc\u00e9s, ambos con nivel B2.<\/p>\n<p>[\/et_pb_team_member][\/et_pb_column][\/et_pb_row][et_pb_row column_structure=\u00bb1_3,1_3,1_3&#8243; _builder_version=\u00bb4.27.4&#8243; _module_preset=\u00bbdefault\u00bb custom_margin=\u00bb|403px||auto||\u00bb global_colors_info=\u00bb{}\u00bb][et_pb_column type=\u00bb1_3&#8243; _builder_version=\u00bb4.27.4&#8243; _module_preset=\u00bbdefault\u00bb global_colors_info=\u00bb{}\u00bb][\/et_pb_column][et_pb_column type=\u00bb1_3&#8243; _builder_version=\u00bb4.27.4&#8243; _module_preset=\u00bbdefault\u00bb global_colors_info=\u00bb{}\u00bb][et_pb_team_member name=\u00bbElena\u00bb position=\u00bbVeterinaria\u00bb image_url=\u00bbhttps:\/\/anaveterinaria.es\/wp-content\/uploads\/2025\/09\/3G1A2705-Editar-scaled.jpg\u00bb _builder_version=\u00bb4.27.4&#8243; _module_preset=\u00bbdefault\u00bb custom_margin=\u00bb|304px||-408px||\u00bb custom_padding=\u00bb|78px||3px||\u00bb border_radii_image=\u00bbon|12px|12px|12px|12px\u00bb box_shadow_style_image=\u00bbpreset2&#8243; global_colors_info=\u00bb{}\u00bb]<\/p>\n<p style=\"text-align: justify;\">Soy Elena, licenciada en Veterinaria por la Universidad de C\u00f3rdoba en 2012. Desde el inicio de mi carrera he sentido una especial vocaci\u00f3n por la cirug\u00eda y el trato directo con los animales. A lo largo de estos a\u00f1os he continuado form\u00e1ndome, centr\u00e1ndome especialmente en cirug\u00eda de tejidos blandos, \u00e1rea en la que he adquirido una amplia experiencia. Mi objetivo es ofrecer siempre la mejor atenci\u00f3n posible, combinando la precisi\u00f3n t\u00e9cnica con el cuidado y el respeto que cada paciente merece.<\/p>\n<p>[\/et_pb_team_member][\/et_pb_column][et_pb_column type=\u00bb1_3&#8243; _builder_version=\u00bb4.27.4&#8243; _module_preset=\u00bbdefault\u00bb global_colors_info=\u00bb{}\u00bb][et_pb_team_member name=\u00bbRaquel\u00bb position=\u00bbRecepcion\u00bb image_url=\u00bbhttps:\/\/anaveterinaria.es\/wp-content\/uploads\/2025\/11\/3G1A2431-Editar-scaled.jpg\u00bb _builder_version=\u00bb4.27.4&#8243; _module_preset=\u00bbdefault\u00bb width=\u00bb100%\u00bb custom_margin=\u00bb|||-4px||\u00bb custom_padding=\u00bb|0px||0px||\u00bb border_radii_image=\u00bbon|12px|12px|12px|12px\u00bb box_shadow_style_image=\u00bbpreset2&#8243; global_colors_info=\u00bb{}\u00bb]<\/p>\n<p style=\"text-align: justify;\">Soy Raquel, y me encargo de la recepci\u00f3n. Estudi\u00e9 Comercio y Marketing en el Instituto Licinio de la Fuente en 2001 y trabaj\u00e9 como empleada de oficina en la academia Mar\u00eda Rosa. A lo largo de los a\u00f1os he realizado varios cursos de formaci\u00f3n, algunos de ellos en el centro Ernesto Olmedo, relacionados con el \u00e1mbito de la alimentaci\u00f3n, entre los que destaca uno dedicado a la nutrici\u00f3n felina.<\/p>\n<p>[\/et_pb_team_member][\/et_pb_column][\/et_pb_row][\/et_pb_section]<\/p>\n","protected":false},"excerpt":{"rendered":"<p>Conoce a nuestro equipo.Detr\u00e1s de Ana Veterinaria hay un equipo comprometido, cercano y apasionado por el bienestar animal. Nos mueve la vocaci\u00f3n, el cari\u00f1o y la responsabilidad de cuidar a cada mascota como si fuera parte de nuestra propia familia. Trabajamos d\u00eda a d\u00eda para ofrecer un trato profesional, humano y personalizado, tanto en la [&hellip;]<\/p>\n","protected":false},"author":1,"featured_media":0,"parent":0,"menu_order":0,"comment_status":"closed","ping_status":"closed","template":"","meta":{"_et_pb_use_builder":"on","_et_pb_old_content":"<!-- wp:divi\/placeholder \/-->","_et_gb_content_width":"","footnotes":""},"class_list":["post-987489545","page","type-page","status-publish","hentry"],"_links":{"self":[{"href":"https:\/\/anaveterinaria.es\/en\/wp-json\/wp\/v2\/pages\/987489545","targetHints":{"allow":["GET"]}}],"collection":[{"href":"https:\/\/anaveterinaria.es\/en\/wp-json\/wp\/v2\/pages"}],"about":[{"href":"https:\/\/anaveterinaria.es\/en\/wp-json\/wp\/v2\/types\/page"}],"author":[{"embeddable":true,"href":"https:\/\/anaveterinaria.es\/en\/wp-json\/wp\/v2\/users\/1"}],"replies":[{"embeddable":true,"href":"https:\/\/anaveterinaria.es\/en\/wp-json\/wp\/v2\/comments?post=987489545"}],"version-history":[{"count":14,"href":"https:\/\/anaveterinaria.es\/en\/wp-json\/wp\/v2\/pages\/987489545\/revisions"}],"predecessor-version":[{"id":987489844,"href":"https:\/\/anaveterinaria.es\/en\/wp-json\/wp\/v2\/pages\/987489545\/revisions\/987489844"}],"wp:attachment":[{"href":"https:\/\/anaveterinaria.es\/en\/wp-json\/wp\/v2\/media?parent=987489545"}],"curies":[{"name":"wp","href":"https:\/\/api.w.org\/{rel}","templated":true}]}}